{"id":20033,"date":"2023-10-17T16:15:39","date_gmt":"2023-10-17T20:15:39","guid":{"rendered":"https:\/\/budget-express.com\/?page_id=20033"},"modified":"2026-04-04T18:15:18","modified_gmt":"2026-04-04T22:15:18","slug":"packages","status":"publish","type":"page","link":"https:\/\/budget-express.com\/en\/packages\/","title":{"rendered":"Packages"},"content":{"rendered":"\t\t<div data-elementor-type=\"wp-page\" data-elementor-id=\"20033\" class=\"elementor elementor-20033 elementor-19941\" data-elementor-post-type=\"page\">\n\t\t\t\t<div class=\"elementor-element elementor-element-116c00c e-flex e-con-boxed e-con e-parent\" data-id=\"116c00c\" data-element_type=\"container\">\n\t\t\t\t\t<div class=\"e-con-inner\">\n\t\t\t\t<div class=\"elementor-element elementor-element-a778c8b elementor-widget__width-inherit elementor-widget elementor-widget-heading\" data-id=\"a778c8b\" data-element_type=\"widget\" data-widget_type=\"heading.default\">\n\t\t\t\t<div class=\"elementor-widget-container\">\n\t\t\t\t\t<h3 class=\"elementor-heading-title elementor-size-large\">Don't wait any longer and take control of your finances<\/h3>\t\t\t\t<\/div>\n\t\t\t\t<\/div>\n\t\t\t\t\t<\/div>\n\t\t\t\t<\/div>\n\t\t<div class=\"elementor-element elementor-element-764bf06 e-flex e-con-boxed e-con e-parent\" data-id=\"764bf06\" data-element_type=\"container\">\n\t\t\t\t\t<div class=\"e-con-inner\">\n\t\t\t\t<div class=\"elementor-element elementor-element-0b351b8 elementor-widget elementor-widget-text-editor\" data-id=\"0b351b8\" data-element_type=\"widget\" data-widget_type=\"text-editor.default\">\n\t\t\t\t<div class=\"elementor-widget-container\">\n\t\t\t\t\t\t\t\t\t<p style=\"text-align: center;\">With Budget Express, you have the choice between 2 options: online use with the monthly plan at only $3.99 \u200b\u200bper month, or opt for the annual plan at $39.99 per year, where you benefit from the first 30 days free of charge for a worry-free start.\u00a0<\/p>\t\t\t\t\t\t\t\t<\/div>\n\t\t\t\t<\/div>\n\t\t\t\t\t<\/div>\n\t\t\t\t<\/div>\n\t\t<div class=\"elementor-element elementor-element-7094673 e-grid e-con-boxed e-con e-parent\" data-id=\"7094673\" data-element_type=\"container\">\n\t\t\t\t\t<div class=\"e-con-inner\">\n\t\t\t\t<div class=\"elementor-element elementor-element-fb551e0 elementor-widget elementor-widget-price-table\" data-id=\"fb551e0\" data-element_type=\"widget\" data-widget_type=\"price-table.default\">\n\t\t\t\t<div class=\"elementor-widget-container\">\n\t\t\t\t\t\n\t\t<div class=\"elementor-price-table\">\n\t\t\t\t\t\t\t<div class=\"elementor-price-table__header\">\n\t\t\t\t\t\t\t\t\t\t\t<h3 class=\"elementor-price-table__heading\">\n\t\t\t\t\t\tMonthly Plan\t\t\t\t\t\t<\/h3>\n\t\t\t\t\t\n\t\t\t\t\t\t\t\t\t\t\t<span class=\"elementor-price-table__subheading\">\n\t\t\t\t\t\t\tOnline use\t\t\t\t\t\t<\/span>\n\t\t\t\t\t\t\t\t\t<\/div>\n\t\t\t\n\t\t\t<div class=\"elementor-price-table__price\">\n\t\t\t\t\t\t\t\t<span class=\"elementor-price-table__currency\">&#036;<\/span>\t\t\t\t\t\t\t\t\t<span class=\"elementor-price-table__integer-part\">\n\t\t\t\t\t\t3\t\t\t\t\t<\/span>\n\t\t\t\t\n\t\t\t\t\t\t\t\t\t<div class=\"elementor-price-table__after-price\">\n\t\t\t\t\t\t<span class=\"elementor-price-table__fractional-part\">\n\t\t\t\t\t\t\t99\t\t\t\t\t\t<\/span>\n\n\t\t\t\t\t\t\t\t\t\t\t\t\t<span class=\"elementor-price-table__period elementor-typo-excluded\">\/Month<\/span>\t\t\t\t\t\t\t\t\t\t\t<\/div>\n\t\t\t\t\n\t\t\t\t\n\t\t\t\t\t\t\t<\/div>\n\n\t\t\t\t\t\t\t<ul class=\"elementor-price-table__features-list\">\n\t\t\t\t\t\t\t\t\t\t\t<li class=\"elementor-repeater-item-593d1da\">\n\t\t\t\t\t\t\t<div class=\"elementor-price-table__feature-inner\">\n\t\t\t\t\t\t\t\t<svg aria-hidden=\"true\" class=\"e-font-icon-svg e-far-check-circle\" viewBox=\"0 0 512 512\" xmlns=\"http:\/\/www.w3.org\/2000\/svg\"><path d=\"M256 8C119.033 8 8 119.033 8 256s111.033 248 248 248 248-111.033 248-248S392.967 8 256 8zm0 48c110.532 0 200 89.451 200 200 0 110.532-89.451 200-200 200-110.532 0-200-89.451-200-200 0-110.532 89.451-200 200-200m140.204 130.267l-22.536-22.718c-4.667-4.705-12.265-4.736-16.97-.068L215.346 303.697l-59.792-60.277c-4.667-4.705-12.265-4.736-16.97-.069l-22.719 22.536c-4.705 4.667-4.736 12.265-.068 16.971l90.781 91.516c4.667 4.705 12.265 4.736 16.97.068l172.589-171.204c4.704-4.668 4.734-12.266.067-16.971z\"><\/path><\/svg>\t\t\t\t\t\t\t\t\t\t\t\t\t\t\t\t\t<span >\n\t\t\t\t\t\t\t\t\t\tVery low initial cost\t\t\t\t\t\t\t\t\t<\/span>\n\t\t\t\t\t\t\t\t\t\t\t\t\t\t\t\t<\/div>\n\t\t\t\t\t\t<\/li>\n\t\t\t\t\t\t\t\t\t\t\t<li class=\"elementor-repeater-item-42a37bc\">\n\t\t\t\t\t\t\t<div class=\"elementor-price-table__feature-inner\">\n\t\t\t\t\t\t\t\t<svg aria-hidden=\"true\" class=\"e-font-icon-svg e-far-check-circle\" viewBox=\"0 0 512 512\" xmlns=\"http:\/\/www.w3.org\/2000\/svg\"><path d=\"M256 8C119.033 8 8 119.033 8 256s111.033 248 248 248 248-111.033 248-248S392.967 8 256 8zm0 48c110.532 0 200 89.451 200 200 0 110.532-89.451 200-200 200-110.532 0-200-89.451-200-200 0-110.532 89.451-200 200-200m140.204 130.267l-22.536-22.718c-4.667-4.705-12.265-4.736-16.97-.068L215.346 303.697l-59.792-60.277c-4.667-4.705-12.265-4.736-16.97-.069l-22.719 22.536c-4.705 4.667-4.736 12.265-.068 16.971l90.781 91.516c4.667 4.705 12.265 4.736 16.97.068l172.589-171.204c4.704-4.668 4.734-12.266.067-16.971z\"><\/path><\/svg>\t\t\t\t\t\t\t\t\t\t\t\t\t\t\t\t\t<span >\n\t\t\t\t\t\t\t\t\t\tAccessible with all your devices\t\t\t\t\t\t\t\t\t<\/span>\n\t\t\t\t\t\t\t\t\t\t\t\t\t\t\t\t<\/div>\n\t\t\t\t\t\t<\/li>\n\t\t\t\t\t\t\t\t\t<\/ul>\n\t\t\t\n\t\t\t\t\t\t\t<div class=\"elementor-price-table__footer\">\n\t\t\t\t\t\t\t\t\t\t\t<a class=\"elementor-price-table__button elementor-button elementor-size-md\" href=\"https:\/\/subscriptions.zoho.com\/subscribe\/db58a82148efedd3eed9beeee3aa2adb835d327f877b7e75ad482bf477cf719e\/AM\" target=\"_blank\">\n\t\t\t\t\t\t\tI subscribe\t\t\t\t\t\t<\/a>\n\t\t\t\t\t\n\t\t\t\t\t\t\t\t\t<\/div>\n\t\t\t\t\t<\/div>\n\n\t\t\t\t\t\t<\/div>\n\t\t\t\t<\/div>\n\t\t\t\t<div class=\"elementor-element elementor-element-65660e6 elementor-widget elementor-widget-price-table\" data-id=\"65660e6\" data-element_type=\"widget\" data-widget_type=\"price-table.default\">\n\t\t\t\t<div class=\"elementor-widget-container\">\n\t\t\t\t\t\n\t\t<div class=\"elementor-price-table\">\n\t\t\t\t\t\t\t<div class=\"elementor-price-table__header\">\n\t\t\t\t\t\t\t\t\t\t\t<h3 class=\"elementor-price-table__heading\">\n\t\t\t\t\t\tAnnual Plan\t\t\t\t\t\t<\/h3>\n\t\t\t\t\t\n\t\t\t\t\t\t\t\t\t\t\t<span class=\"elementor-price-table__subheading\">\n\t\t\t\t\t\t\tOnline use\t\t\t\t\t\t<\/span>\n\t\t\t\t\t\t\t\t\t<\/div>\n\t\t\t\n\t\t\t<div class=\"elementor-price-table__price\">\n\t\t\t\t\t\t\t\t<span class=\"elementor-price-table__currency\">&#036;<\/span>\t\t\t\t\t\t\t\t\t<span class=\"elementor-price-table__integer-part\">\n\t\t\t\t\t\t39\t\t\t\t\t<\/span>\n\t\t\t\t\n\t\t\t\t\t\t\t\t\t<div class=\"elementor-price-table__after-price\">\n\t\t\t\t\t\t<span class=\"elementor-price-table__fractional-part\">\n\t\t\t\t\t\t\t99\t\t\t\t\t\t<\/span>\n\n\t\t\t\t\t\t\t\t\t\t\t\t\t<span class=\"elementor-price-table__period elementor-typo-excluded\">\/Year<\/span>\t\t\t\t\t\t\t\t\t\t\t<\/div>\n\t\t\t\t\n\t\t\t\t\n\t\t\t\t\t\t\t<\/div>\n\n\t\t\t\t\t\t\t<ul class=\"elementor-price-table__features-list\">\n\t\t\t\t\t\t\t\t\t\t\t<li class=\"elementor-repeater-item-593d1da\">\n\t\t\t\t\t\t\t<div class=\"elementor-price-table__feature-inner\">\n\t\t\t\t\t\t\t\t<svg aria-hidden=\"true\" class=\"e-font-icon-svg e-far-check-circle\" viewBox=\"0 0 512 512\" xmlns=\"http:\/\/www.w3.org\/2000\/svg\"><path d=\"M256 8C119.033 8 8 119.033 8 256s111.033 248 248 248 248-111.033 248-248S392.967 8 256 8zm0 48c110.532 0 200 89.451 200 200 0 110.532-89.451 200-200 200-110.532 0-200-89.451-200-200 0-110.532 89.451-200 200-200m140.204 130.267l-22.536-22.718c-4.667-4.705-12.265-4.736-16.97-.068L215.346 303.697l-59.792-60.277c-4.667-4.705-12.265-4.736-16.97-.069l-22.719 22.536c-4.705 4.667-4.736 12.265-.068 16.971l90.781 91.516c4.667 4.705 12.265 4.736 16.97.068l172.589-171.204c4.704-4.668 4.734-12.266.067-16.971z\"><\/path><\/svg>\t\t\t\t\t\t\t\t\t\t\t\t\t\t\t\t\t<span >\n\t\t\t\t\t\t\t\t\t\tFirst 30 days free of charge\t\t\t\t\t\t\t\t\t<\/span>\n\t\t\t\t\t\t\t\t\t\t\t\t\t\t\t\t<\/div>\n\t\t\t\t\t\t<\/li>\n\t\t\t\t\t\t\t\t\t\t\t<li class=\"elementor-repeater-item-42a37bc\">\n\t\t\t\t\t\t\t<div class=\"elementor-price-table__feature-inner\">\n\t\t\t\t\t\t\t\t<svg aria-hidden=\"true\" class=\"e-font-icon-svg e-far-check-circle\" viewBox=\"0 0 512 512\" xmlns=\"http:\/\/www.w3.org\/2000\/svg\"><path d=\"M256 8C119.033 8 8 119.033 8 256s111.033 248 248 248 248-111.033 248-248S392.967 8 256 8zm0 48c110.532 0 200 89.451 200 200 0 110.532-89.451 200-200 200-110.532 0-200-89.451-200-200 0-110.532 89.451-200 200-200m140.204 130.267l-22.536-22.718c-4.667-4.705-12.265-4.736-16.97-.068L215.346 303.697l-59.792-60.277c-4.667-4.705-12.265-4.736-16.97-.069l-22.719 22.536c-4.705 4.667-4.736 12.265-.068 16.971l90.781 91.516c4.667 4.705 12.265 4.736 16.97.068l172.589-171.204c4.704-4.668 4.734-12.266.067-16.971z\"><\/path><\/svg>\t\t\t\t\t\t\t\t\t\t\t\t\t\t\t\t\t<span >\n\t\t\t\t\t\t\t\t\t\tAccessible with all your devices\t\t\t\t\t\t\t\t\t<\/span>\n\t\t\t\t\t\t\t\t\t\t\t\t\t\t\t\t<\/div>\n\t\t\t\t\t\t<\/li>\n\t\t\t\t\t\t\t\t\t<\/ul>\n\t\t\t\n\t\t\t\t\t\t\t<div class=\"elementor-price-table__footer\">\n\t\t\t\t\t\t\t\t\t\t\t<a class=\"elementor-price-table__button elementor-button elementor-size-md\" href=\"https:\/\/subscriptions.zoho.com\/subscribe\/db58a82148efedd3eed9beeee3aa2adb835d327f877b7e75ad482bf477cf719e\/An1\" target=\"_blank\">\n\t\t\t\t\t\t\tI subscribe\t\t\t\t\t\t<\/a>\n\t\t\t\t\t\n\t\t\t\t\t\t\t\t\t<\/div>\n\t\t\t\t\t<\/div>\n\n\t\t\t\t\t\t<\/div>\n\t\t\t\t<\/div>\n\t\t\t\t\t<\/div>\n\t\t\t\t<\/div>\n\t\t\t\t<\/div>\n\t\t","protected":false},"excerpt":{"rendered":"<p>Don&#8217;t wait any longer and take control of your finances With Budget Express, you have the choice between 2 options: online use with the monthly plan at only $3.99 \u200b\u200bper month, or opt for the annual plan at $39.99 per year, where you benefit from the first 30 days free of charge for a worry-free [&hellip;]<\/p>\n","protected":false},"author":2,"featured_media":11174,"parent":0,"menu_order":0,"comment_status":"closed","ping_status":"closed","template":"","meta":{"_acf_changed":false,"footnotes":""},"class_list":["post-20033","page","type-page","status-publish","has-post-thumbnail","hentry"],"acf":[],"yoast_head":"<!-- This site is optimized with the Yoast SEO Premium plugin v24.9 (Yoast SEO v24.9) - https:\/\/yoast.com\/wordpress\/plugins\/seo\/ -->\n<title>Packages - Logiciel de finance personnelle<\/title>\n<meta name=\"description\" content=\"Don&#039;t wait any longer and take control of your finances With Budget Express, you have the choice between 2 options: online use with the monthly plan at\" \/>\n<meta name=\"robots\" content=\"index, follow, max-snippet:-1, max-image-preview:large, max-video-preview:-1\" \/>\n<link rel=\"canonical\" href=\"https:\/\/budget-express.com\/en\/packages\/\" \/>\n<meta property=\"og:locale\" content=\"en_US\" \/>\n<meta property=\"og:type\" content=\"article\" \/>\n<meta property=\"og:title\" content=\"Packages - Logiciel de finance personnelle\" \/>\n<meta property=\"og:description\" content=\"Don&#039;t wait any longer and take control of your finances With Budget Express, you have the choice between 2 options: online use with the monthly plan at\" \/>\n<meta property=\"og:url\" content=\"https:\/\/budget-express.com\/en\/packages\/\" \/>\n<meta property=\"og:site_name\" content=\"Budget Express\" \/>\n<meta property=\"article:publisher\" content=\"https:\/\/www.facebook.com\/BudgetExpress\" \/>\n<meta property=\"article:modified_time\" content=\"2026-04-04T22:15:18+00:00\" \/>\n<meta property=\"og:image\" content=\"https:\/\/budget-express.com\/wp-content\/uploads\/2018\/06\/Banniere-Budget-Express-fr-259X164-e1724269483159.jpg\" \/>\n\t<meta property=\"og:image:width\" content=\"197\" \/>\n\t<meta property=\"og:image:height\" content=\"164\" \/>\n\t<meta property=\"og:image:type\" content=\"image\/jpeg\" \/>\n<meta name=\"twitter:card\" content=\"summary_large_image\" \/>\n<meta name=\"twitter:label1\" content=\"Est. reading time\" \/>\n\t<meta name=\"twitter:data1\" content=\"1 minute\" \/>\n<script type=\"application\/ld+json\" class=\"yoast-schema-graph\">{\"@context\":\"https:\/\/schema.org\",\"@graph\":[{\"@type\":\"Article\",\"@id\":\"https:\/\/budget-express.com\/en\/packages\/#article\",\"isPartOf\":{\"@id\":\"https:\/\/budget-express.com\/en\/packages\/\"},\"author\":{\"name\":\"Katie Lefebvre\",\"@id\":\"https:\/\/budget-express.com\/en\/#\/schema\/person\/0c9dc62ab6a850e6ec494d3a0d95748f\"},\"headline\":\"Packages\",\"datePublished\":\"2023-10-17T20:15:39+00:00\",\"dateModified\":\"2026-04-04T22:15:18+00:00\",\"mainEntityOfPage\":{\"@id\":\"https:\/\/budget-express.com\/en\/packages\/\"},\"wordCount\":87,\"publisher\":{\"@id\":\"https:\/\/budget-express.com\/en\/#organization\"},\"image\":{\"@id\":\"https:\/\/budget-express.com\/en\/packages\/#primaryimage\"},\"thumbnailUrl\":\"https:\/\/budget-express.com\/wp-content\/uploads\/2018\/06\/Banniere-Budget-Express-fr-259X164-e1724269483159.jpg\",\"inLanguage\":\"en-US\"},{\"@type\":\"WebPage\",\"@id\":\"https:\/\/budget-express.com\/en\/packages\/\",\"url\":\"https:\/\/budget-express.com\/en\/packages\/\",\"name\":\"Packages - Logiciel de finance personnelle\",\"isPartOf\":{\"@id\":\"https:\/\/budget-express.com\/en\/#website\"},\"primaryImageOfPage\":{\"@id\":\"https:\/\/budget-express.com\/en\/packages\/#primaryimage\"},\"image\":{\"@id\":\"https:\/\/budget-express.com\/en\/packages\/#primaryimage\"},\"thumbnailUrl\":\"https:\/\/budget-express.com\/wp-content\/uploads\/2018\/06\/Banniere-Budget-Express-fr-259X164-e1724269483159.jpg\",\"datePublished\":\"2023-10-17T20:15:39+00:00\",\"dateModified\":\"2026-04-04T22:15:18+00:00\",\"description\":\"Don't wait any longer and take control of your finances With Budget Express, you have the choice between 2 options: online use with the monthly plan at\",\"breadcrumb\":{\"@id\":\"https:\/\/budget-express.com\/en\/packages\/#breadcrumb\"},\"inLanguage\":\"en-US\",\"potentialAction\":[{\"@type\":\"ReadAction\",\"target\":[\"https:\/\/budget-express.com\/en\/packages\/\"]}]},{\"@type\":\"ImageObject\",\"inLanguage\":\"en-US\",\"@id\":\"https:\/\/budget-express.com\/en\/packages\/#primaryimage\",\"url\":\"https:\/\/budget-express.com\/wp-content\/uploads\/2018\/06\/Banniere-Budget-Express-fr-259X164-e1724269483159.jpg\",\"contentUrl\":\"https:\/\/budget-express.com\/wp-content\/uploads\/2018\/06\/Banniere-Budget-Express-fr-259X164-e1724269483159.jpg\",\"width\":197,\"height\":164,\"caption\":\"Budget\"},{\"@type\":\"BreadcrumbList\",\"@id\":\"https:\/\/budget-express.com\/en\/packages\/#breadcrumb\",\"itemListElement\":[{\"@type\":\"ListItem\",\"position\":1,\"name\":\"Home\",\"item\":\"https:\/\/budget-express.com\/en\/\"},{\"@type\":\"ListItem\",\"position\":2,\"name\":\"Packages\"}]},{\"@type\":\"WebSite\",\"@id\":\"https:\/\/budget-express.com\/en\/#website\",\"url\":\"https:\/\/budget-express.com\/en\/\",\"name\":\"budget-express.com\",\"description\":\"Logiciel de finance personnelle\",\"publisher\":{\"@id\":\"https:\/\/budget-express.com\/en\/#organization\"},\"alternateName\":\"Budget\",\"potentialAction\":[{\"@type\":\"SearchAction\",\"target\":{\"@type\":\"EntryPoint\",\"urlTemplate\":\"https:\/\/budget-express.com\/en\/?s={search_term_string}\"},\"query-input\":{\"@type\":\"PropertyValueSpecification\",\"valueRequired\":true,\"valueName\":\"search_term_string\"}}],\"inLanguage\":\"en-US\"},{\"@type\":\"Organization\",\"@id\":\"https:\/\/budget-express.com\/en\/#organization\",\"name\":\"Budget Express\",\"alternateName\":\"Budget Express\",\"url\":\"https:\/\/budget-express.com\/en\/\",\"logo\":{\"@type\":\"ImageObject\",\"inLanguage\":\"en-US\",\"@id\":\"https:\/\/budget-express.com\/en\/#\/schema\/logo\/image\/\",\"url\":\"https:\/\/budget-express.com\/wp-content\/uploads\/2024\/11\/Logo-court-696-Yoast-e1730743815974.jpg\",\"contentUrl\":\"https:\/\/budget-express.com\/wp-content\/uploads\/2024\/11\/Logo-court-696-Yoast-e1730743815974.jpg\",\"width\":285,\"height\":375,\"caption\":\"Budget Express\"},\"image\":{\"@id\":\"https:\/\/budget-express.com\/en\/#\/schema\/logo\/image\/\"},\"sameAs\":[\"https:\/\/www.facebook.com\/BudgetExpress\",\"https:\/\/www.linkedin.com\/showcase\/budgetexpress\/?viewAsMember=true\",\"https:\/\/www.instagram.com\/logicielbudgetexpress\/\",\"https:\/\/www.linkedin.com\/in\/katie-lefebvre-53a51950\/\"],\"description\":\"Budget Express est un outil facile \u00e0 utiliser pour faire et suivre un ou plusieurs budgets. L'Acad\u00e9mie Budget Express est une plateforme \u00e9ducative, vous y trouverez des formations sur divers sujets des finances.\",\"email\":\"info@budget-express.com\",\"legalName\":\"Budget Express\",\"numberOfEmployees\":{\"@type\":\"QuantitativeValue\",\"minValue\":\"1\",\"maxValue\":\"10\"}},{\"@type\":\"Person\",\"@id\":\"https:\/\/budget-express.com\/en\/#\/schema\/person\/0c9dc62ab6a850e6ec494d3a0d95748f\",\"name\":\"Katie Lefebvre\",\"image\":{\"@type\":\"ImageObject\",\"inLanguage\":\"en-US\",\"@id\":\"https:\/\/budget-express.com\/en\/#\/schema\/person\/image\/\",\"url\":\"https:\/\/secure.gravatar.com\/avatar\/6e889acf7440fd7b12617e7869f86e3939b03f843fd419b7240b8d6856489bf3?s=96&d=mm&r=g\",\"contentUrl\":\"https:\/\/secure.gravatar.com\/avatar\/6e889acf7440fd7b12617e7869f86e3939b03f843fd419b7240b8d6856489bf3?s=96&d=mm&r=g\",\"caption\":\"Katie Lefebvre\"},\"url\":\"https:\/\/budget-express.com\/en\/author\/rejean_campeau\/\"}]}<\/script>\n<!-- \/ Yoast SEO Premium plugin. -->","yoast_head_json":{"title":"Packages - Logiciel de finance personnelle","description":"Don't wait any longer and take control of your finances With Budget Express, you have the choice between 2 options: online use with the monthly plan at","robots":{"index":"index","follow":"follow","max-snippet":"max-snippet:-1","max-image-preview":"max-image-preview:large","max-video-preview":"max-video-preview:-1"},"canonical":"https:\/\/budget-express.com\/en\/packages\/","og_locale":"en_US","og_type":"article","og_title":"Packages - Logiciel de finance personnelle","og_description":"Don't wait any longer and take control of your finances With Budget Express, you have the choice between 2 options: online use with the monthly plan at","og_url":"https:\/\/budget-express.com\/en\/packages\/","og_site_name":"Budget Express","article_publisher":"https:\/\/www.facebook.com\/BudgetExpress","article_modified_time":"2026-04-04T22:15:18+00:00","og_image":[{"width":197,"height":164,"url":"https:\/\/budget-express.com\/wp-content\/uploads\/2018\/06\/Banniere-Budget-Express-fr-259X164-e1724269483159.jpg","type":"image\/jpeg"}],"twitter_card":"summary_large_image","twitter_misc":{"Est. reading time":"1 minute"},"schema":{"@context":"https:\/\/schema.org","@graph":[{"@type":"Article","@id":"https:\/\/budget-express.com\/en\/packages\/#article","isPartOf":{"@id":"https:\/\/budget-express.com\/en\/packages\/"},"author":{"name":"Katie Lefebvre","@id":"https:\/\/budget-express.com\/en\/#\/schema\/person\/0c9dc62ab6a850e6ec494d3a0d95748f"},"headline":"Packages","datePublished":"2023-10-17T20:15:39+00:00","dateModified":"2026-04-04T22:15:18+00:00","mainEntityOfPage":{"@id":"https:\/\/budget-express.com\/en\/packages\/"},"wordCount":87,"publisher":{"@id":"https:\/\/budget-express.com\/en\/#organization"},"image":{"@id":"https:\/\/budget-express.com\/en\/packages\/#primaryimage"},"thumbnailUrl":"https:\/\/budget-express.com\/wp-content\/uploads\/2018\/06\/Banniere-Budget-Express-fr-259X164-e1724269483159.jpg","inLanguage":"en-US"},{"@type":"WebPage","@id":"https:\/\/budget-express.com\/en\/packages\/","url":"https:\/\/budget-express.com\/en\/packages\/","name":"Packages - Logiciel de finance personnelle","isPartOf":{"@id":"https:\/\/budget-express.com\/en\/#website"},"primaryImageOfPage":{"@id":"https:\/\/budget-express.com\/en\/packages\/#primaryimage"},"image":{"@id":"https:\/\/budget-express.com\/en\/packages\/#primaryimage"},"thumbnailUrl":"https:\/\/budget-express.com\/wp-content\/uploads\/2018\/06\/Banniere-Budget-Express-fr-259X164-e1724269483159.jpg","datePublished":"2023-10-17T20:15:39+00:00","dateModified":"2026-04-04T22:15:18+00:00","description":"Don't wait any longer and take control of your finances With Budget Express, you have the choice between 2 options: online use with the monthly plan at","breadcrumb":{"@id":"https:\/\/budget-express.com\/en\/packages\/#breadcrumb"},"inLanguage":"en-US","potentialAction":[{"@type":"ReadAction","target":["https:\/\/budget-express.com\/en\/packages\/"]}]},{"@type":"ImageObject","inLanguage":"en-US","@id":"https:\/\/budget-express.com\/en\/packages\/#primaryimage","url":"https:\/\/budget-express.com\/wp-content\/uploads\/2018\/06\/Banniere-Budget-Express-fr-259X164-e1724269483159.jpg","contentUrl":"https:\/\/budget-express.com\/wp-content\/uploads\/2018\/06\/Banniere-Budget-Express-fr-259X164-e1724269483159.jpg","width":197,"height":164,"caption":"Budget"},{"@type":"BreadcrumbList","@id":"https:\/\/budget-express.com\/en\/packages\/#breadcrumb","itemListElement":[{"@type":"ListItem","position":1,"name":"Home","item":"https:\/\/budget-express.com\/en\/"},{"@type":"ListItem","position":2,"name":"Packages"}]},{"@type":"WebSite","@id":"https:\/\/budget-express.com\/en\/#website","url":"https:\/\/budget-express.com\/en\/","name":"budget-express.com","description":"Logiciel de finance personnelle","publisher":{"@id":"https:\/\/budget-express.com\/en\/#organization"},"alternateName":"Budget","potentialAction":[{"@type":"SearchAction","target":{"@type":"EntryPoint","urlTemplate":"https:\/\/budget-express.com\/en\/?s={search_term_string}"},"query-input":{"@type":"PropertyValueSpecification","valueRequired":true,"valueName":"search_term_string"}}],"inLanguage":"en-US"},{"@type":"Organization","@id":"https:\/\/budget-express.com\/en\/#organization","name":"Budget Express","alternateName":"Budget Express","url":"https:\/\/budget-express.com\/en\/","logo":{"@type":"ImageObject","inLanguage":"en-US","@id":"https:\/\/budget-express.com\/en\/#\/schema\/logo\/image\/","url":"https:\/\/budget-express.com\/wp-content\/uploads\/2024\/11\/Logo-court-696-Yoast-e1730743815974.jpg","contentUrl":"https:\/\/budget-express.com\/wp-content\/uploads\/2024\/11\/Logo-court-696-Yoast-e1730743815974.jpg","width":285,"height":375,"caption":"Budget Express"},"image":{"@id":"https:\/\/budget-express.com\/en\/#\/schema\/logo\/image\/"},"sameAs":["https:\/\/www.facebook.com\/BudgetExpress","https:\/\/www.linkedin.com\/showcase\/budgetexpress\/?viewAsMember=true","https:\/\/www.instagram.com\/logicielbudgetexpress\/","https:\/\/www.linkedin.com\/in\/katie-lefebvre-53a51950\/"],"description":"Budget Express est un outil facile \u00e0 utiliser pour faire et suivre un ou plusieurs budgets. L'Acad\u00e9mie Budget Express est une plateforme \u00e9ducative, vous y trouverez des formations sur divers sujets des finances.","email":"info@budget-express.com","legalName":"Budget Express","numberOfEmployees":{"@type":"QuantitativeValue","minValue":"1","maxValue":"10"}},{"@type":"Person","@id":"https:\/\/budget-express.com\/en\/#\/schema\/person\/0c9dc62ab6a850e6ec494d3a0d95748f","name":"Katie Lefebvre","image":{"@type":"ImageObject","inLanguage":"en-US","@id":"https:\/\/budget-express.com\/en\/#\/schema\/person\/image\/","url":"https:\/\/secure.gravatar.com\/avatar\/6e889acf7440fd7b12617e7869f86e3939b03f843fd419b7240b8d6856489bf3?s=96&d=mm&r=g","contentUrl":"https:\/\/secure.gravatar.com\/avatar\/6e889acf7440fd7b12617e7869f86e3939b03f843fd419b7240b8d6856489bf3?s=96&d=mm&r=g","caption":"Katie Lefebvre"},"url":"https:\/\/budget-express.com\/en\/author\/rejean_campeau\/"}]}},"_links":{"self":[{"href":"https:\/\/budget-express.com\/en\/wp-json\/wp\/v2\/pages\/20033","targetHints":{"allow":["GET"]}}],"collection":[{"href":"https:\/\/budget-express.com\/en\/wp-json\/wp\/v2\/pages"}],"about":[{"href":"https:\/\/budget-express.com\/en\/wp-json\/wp\/v2\/types\/page"}],"author":[{"embeddable":true,"href":"https:\/\/budget-express.com\/en\/wp-json\/wp\/v2\/users\/2"}],"replies":[{"embeddable":true,"href":"https:\/\/budget-express.com\/en\/wp-json\/wp\/v2\/comments?post=20033"}],"version-history":[{"count":35,"href":"https:\/\/budget-express.com\/en\/wp-json\/wp\/v2\/pages\/20033\/revisions"}],"predecessor-version":[{"id":22861,"href":"https:\/\/budget-express.com\/en\/wp-json\/wp\/v2\/pages\/20033\/revisions\/22861"}],"wp:featuredmedia":[{"embeddable":true,"href":"https:\/\/budget-express.com\/en\/wp-json\/wp\/v2\/media\/11174"}],"wp:attachment":[{"href":"https:\/\/budget-express.com\/en\/wp-json\/wp\/v2\/media?parent=20033"}],"curies":[{"name":"wp","href":"https:\/\/api.w.org\/{rel}","templated":true}]}}