{"id":20401,"date":"2023-11-03T15:01:06","date_gmt":"2023-11-03T19:01:06","guid":{"rendered":"https:\/\/budget-express.com\/learning-tutorials\/"},"modified":"2024-08-24T08:36:04","modified_gmt":"2024-08-24T12:36:04","slug":"learning-tutorials","status":"publish","type":"page","link":"https:\/\/budget-express.com\/en\/learning-tutorials\/","title":{"rendered":"Learning Tutorials"},"content":{"rendered":"\t\t<div data-elementor-type=\"wp-page\" data-elementor-id=\"20401\" class=\"elementor elementor-20401 elementor-20369\" data-elementor-post-type=\"page\">\n\t\t\t\t<div class=\"elementor-element elementor-element-13e0c27 e-flex e-con-boxed e-con e-parent\" data-id=\"13e0c27\" data-element_type=\"container\">\n\t\t\t\t\t<div class=\"e-con-inner\">\n\t\t\t\t<div class=\"elementor-element elementor-element-4367874 elementor-widget elementor-widget-text-editor\" data-id=\"4367874\" data-element_type=\"widget\" data-widget_type=\"text-editor.default\">\n\t\t\t\t<div class=\"elementor-widget-container\">\n\t\t\t\t\t\t\t\t\t<p>Learn how to use Budget Express using the online help document, accessible by clicking the View online help document button. This document is the written user manual for Budget Express.<\/p>\n\t\t\t\t\t\t\t\t<\/div>\n\t\t\t\t<\/div>\n\t\t\t\t<div class=\"elementor-element elementor-element-98fe251 elementor-align-center elementor-widget elementor-widget-button\" data-id=\"98fe251\" data-element_type=\"widget\" data-widget_type=\"button.default\">\n\t\t\t\t<div class=\"elementor-widget-container\">\n\t\t\t\t\t\t\t\t\t<div class=\"elementor-button-wrapper\">\n\t\t\t\t\t<a class=\"elementor-button elementor-button-link elementor-size-md\" href=\"https:\/\/budget-express.com\/en\/docs\/help\/\">\n\t\t\t\t\t\t<span class=\"elementor-button-content-wrapper\">\n\t\t\t\t\t\t\t\t\t<span class=\"elementor-button-text\">View online help document<\/span>\n\t\t\t\t\t<\/span>\n\t\t\t\t\t<\/a>\n\t\t\t\t<\/div>\n\t\t\t\t\t\t\t\t<\/div>\n\t\t\t\t<\/div>\n\t\t\t\t\t<\/div>\n\t\t\t\t<\/div>\n\t\t<div class=\"elementor-element elementor-element-c4b38a1 e-flex e-con-boxed e-con e-parent\" data-id=\"c4b38a1\" data-element_type=\"container\" data-settings=\"{&quot;background_background&quot;:&quot;classic&quot;}\">\n\t\t\t\t\t<div class=\"e-con-inner\">\n\t\t\t\t<div class=\"elementor-element elementor-element-ef050a1 elementor-widget elementor-widget-text-editor\" data-id=\"ef050a1\" data-element_type=\"widget\" data-widget_type=\"text-editor.default\">\n\t\t\t\t<div class=\"elementor-widget-container\">\n\t\t\t\t\t\t\t\t\t<p>To make your learning easier, watch our different tutorials<\/p>\n\t\t\t\t\t\t\t\t<\/div>\n\t\t\t\t<\/div>\n\t\t\t\t\t<\/div>\n\t\t\t\t<\/div>\n\t\t<div class=\"elementor-element elementor-element-7e0e1dc e-grid e-con-boxed e-con e-parent\" data-id=\"7e0e1dc\" data-element_type=\"container\" data-settings=\"{&quot;background_background&quot;:&quot;classic&quot;}\">\n\t\t\t\t\t<div class=\"e-con-inner\">\n\t\t\t\t<div class=\"elementor-element elementor-element-ed97f61 elementor-widget elementor-widget-video\" data-id=\"ed97f61\" data-element_type=\"widget\" data-settings=\"{&quot;youtube_url&quot;:&quot;https:\\\/\\\/www.youtube.com\\\/watch?v=hY_9qPHTQBo&amp;list=PL_B0zrDF6u17AvSvq0o9nToOHCwSlnQX8&amp;index=5&quot;,&quot;video_type&quot;:&quot;youtube&quot;,&quot;controls&quot;:&quot;yes&quot;}\" data-widget_type=\"video.default\">\n\t\t\t\t<div class=\"elementor-widget-container\">\n\t\t\t\t\t\t\t<div class=\"elementor-wrapper elementor-open-inline\">\n\t\t\t<div class=\"elementor-video\"><\/div>\t\t<\/div>\n\t\t\t\t\t\t<\/div>\n\t\t\t\t<\/div>\n\t\t\t\t<div class=\"elementor-element elementor-element-a5da69e elementor-widget elementor-widget-video\" data-id=\"a5da69e\" data-element_type=\"widget\" data-settings=\"{&quot;youtube_url&quot;:&quot;https:\\\/\\\/youtu.be\\\/1C1AGNGThJU&quot;,&quot;video_type&quot;:&quot;youtube&quot;,&quot;controls&quot;:&quot;yes&quot;}\" data-widget_type=\"video.default\">\n\t\t\t\t<div class=\"elementor-widget-container\">\n\t\t\t\t\t\t\t<div class=\"elementor-wrapper elementor-open-inline\">\n\t\t\t<div class=\"elementor-video\"><\/div>\t\t<\/div>\n\t\t\t\t\t\t<\/div>\n\t\t\t\t<\/div>\n\t\t\t\t<div class=\"elementor-element elementor-element-9a84987 elementor-widget elementor-widget-video\" data-id=\"9a84987\" data-element_type=\"widget\" data-settings=\"{&quot;youtube_url&quot;:&quot;https:\\\/\\\/youtu.be\\\/PlIQaVJv55E&quot;,&quot;video_type&quot;:&quot;youtube&quot;,&quot;controls&quot;:&quot;yes&quot;}\" data-widget_type=\"video.default\">\n\t\t\t\t<div class=\"elementor-widget-container\">\n\t\t\t\t\t\t\t<div class=\"elementor-wrapper elementor-open-inline\">\n\t\t\t<div class=\"elementor-video\"><\/div>\t\t<\/div>\n\t\t\t\t\t\t<\/div>\n\t\t\t\t<\/div>\n\t\t\t\t<div class=\"elementor-element elementor-element-0cb4682 elementor-widget elementor-widget-video\" data-id=\"0cb4682\" data-element_type=\"widget\" data-settings=\"{&quot;youtube_url&quot;:&quot;https:\\\/\\\/youtu.be\\\/82UsQfAkAgc&quot;,&quot;video_type&quot;:&quot;youtube&quot;,&quot;controls&quot;:&quot;yes&quot;}\" data-widget_type=\"video.default\">\n\t\t\t\t<div class=\"elementor-widget-container\">\n\t\t\t\t\t\t\t<div class=\"elementor-wrapper elementor-open-inline\">\n\t\t\t<div class=\"elementor-video\"><\/div>\t\t<\/div>\n\t\t\t\t\t\t<\/div>\n\t\t\t\t<\/div>\n\t\t\t\t<div class=\"elementor-element elementor-element-2046e32 elementor-widget elementor-widget-video\" data-id=\"2046e32\" data-element_type=\"widget\" data-settings=\"{&quot;youtube_url&quot;:&quot;https:\\\/\\\/youtu.be\\\/-bMMG7V67G0&quot;,&quot;video_type&quot;:&quot;youtube&quot;,&quot;controls&quot;:&quot;yes&quot;}\" data-widget_type=\"video.default\">\n\t\t\t\t<div class=\"elementor-widget-container\">\n\t\t\t\t\t\t\t<div class=\"elementor-wrapper elementor-open-inline\">\n\t\t\t<div class=\"elementor-video\"><\/div>\t\t<\/div>\n\t\t\t\t\t\t<\/div>\n\t\t\t\t<\/div>\n\t\t\t\t<div class=\"elementor-element elementor-element-f1b31c9 elementor-widget elementor-widget-video\" data-id=\"f1b31c9\" data-element_type=\"widget\" data-settings=\"{&quot;youtube_url&quot;:&quot;https:\\\/\\\/youtu.be\\\/pE1hX_n2tX0&quot;,&quot;video_type&quot;:&quot;youtube&quot;,&quot;controls&quot;:&quot;yes&quot;}\" data-widget_type=\"video.default\">\n\t\t\t\t<div class=\"elementor-widget-container\">\n\t\t\t\t\t\t\t<div class=\"elementor-wrapper elementor-open-inline\">\n\t\t\t<div class=\"elementor-video\"><\/div>\t\t<\/div>\n\t\t\t\t\t\t<\/div>\n\t\t\t\t<\/div>\n\t\t\t\t<div class=\"elementor-element elementor-element-329f020 elementor-widget elementor-widget-video\" data-id=\"329f020\" data-element_type=\"widget\" data-settings=\"{&quot;youtube_url&quot;:&quot;https:\\\/\\\/youtu.be\\\/HrnHagnx0Ag&quot;,&quot;video_type&quot;:&quot;youtube&quot;,&quot;controls&quot;:&quot;yes&quot;}\" data-widget_type=\"video.default\">\n\t\t\t\t<div class=\"elementor-widget-container\">\n\t\t\t\t\t\t\t<div class=\"elementor-wrapper elementor-open-inline\">\n\t\t\t<div class=\"elementor-video\"><\/div>\t\t<\/div>\n\t\t\t\t\t\t<\/div>\n\t\t\t\t<\/div>\n\t\t\t\t<div class=\"elementor-element elementor-element-fe6cfdc elementor-widget elementor-widget-video\" data-id=\"fe6cfdc\" data-element_type=\"widget\" data-settings=\"{&quot;youtube_url&quot;:&quot;https:\\\/\\\/youtu.be\\\/lv75qWNzix4&quot;,&quot;video_type&quot;:&quot;youtube&quot;,&quot;controls&quot;:&quot;yes&quot;}\" data-widget_type=\"video.default\">\n\t\t\t\t<div class=\"elementor-widget-container\">\n\t\t\t\t\t\t\t<div class=\"elementor-wrapper elementor-open-inline\">\n\t\t\t<div class=\"elementor-video\"><\/div>\t\t<\/div>\n\t\t\t\t\t\t<\/div>\n\t\t\t\t<\/div>\n\t\t\t\t<div class=\"elementor-element elementor-element-e7667d0 elementor-widget elementor-widget-video\" data-id=\"e7667d0\" data-element_type=\"widget\" data-settings=\"{&quot;youtube_url&quot;:&quot;https:\\\/\\\/youtu.be\\\/ealoyuOMLbc&quot;,&quot;video_type&quot;:&quot;youtube&quot;,&quot;controls&quot;:&quot;yes&quot;}\" data-widget_type=\"video.default\">\n\t\t\t\t<div class=\"elementor-widget-container\">\n\t\t\t\t\t\t\t<div class=\"elementor-wrapper elementor-open-inline\">\n\t\t\t<div class=\"elementor-video\"><\/div>\t\t<\/div>\n\t\t\t\t\t\t<\/div>\n\t\t\t\t<\/div>\n\t\t\t\t<div class=\"elementor-element elementor-element-24ce43b elementor-widget elementor-widget-video\" data-id=\"24ce43b\" data-element_type=\"widget\" data-settings=\"{&quot;youtube_url&quot;:&quot;https:\\\/\\\/youtu.be\\\/6ZR38Za4KA4&quot;,&quot;video_type&quot;:&quot;youtube&quot;,&quot;controls&quot;:&quot;yes&quot;}\" data-widget_type=\"video.default\">\n\t\t\t\t<div class=\"elementor-widget-container\">\n\t\t\t\t\t\t\t<div class=\"elementor-wrapper elementor-open-inline\">\n\t\t\t<div class=\"elementor-video\"><\/div>\t\t<\/div>\n\t\t\t\t\t\t<\/div>\n\t\t\t\t<\/div>\n\t\t\t\t\t<\/div>\n\t\t\t\t<\/div>\n\t\t\t\t<\/div>\n\t\t","protected":false},"excerpt":{"rendered":"<p>Learn how to use Budget Express using the online help document, accessible by clicking the View online help document button. This document is the written user manual for Budget Express. View online help document To make your learning easier, watch our different tutorials<\/p>\n","protected":false},"author":2,"featured_media":0,"parent":0,"menu_order":0,"comment_status":"closed","ping_status":"closed","template":"","meta":{"_acf_changed":false,"footnotes":""},"class_list":["post-20401","page","type-page","status-publish","hentry"],"acf":[],"yoast_head":"<!-- This site is optimized with the Yoast SEO Premium plugin v24.9 (Yoast SEO v24.9) - https:\/\/yoast.com\/wordpress\/plugins\/seo\/ -->\n<title>Learning Tutorials - Logiciel de finance personnelle<\/title>\n<meta name=\"description\" content=\"Learn how to use Budget Express using the online help document, accessible by clicking the View online help document button. This document is the written\" \/>\n<meta name=\"robots\" content=\"index, follow, max-snippet:-1, max-image-preview:large, max-video-preview:-1\" \/>\n<link rel=\"canonical\" href=\"https:\/\/budget-express.com\/en\/learning-tutorials\/\" \/>\n<meta property=\"og:locale\" content=\"en_US\" \/>\n<meta property=\"og:type\" content=\"article\" \/>\n<meta property=\"og:title\" content=\"Learning Tutorials - Logiciel de finance personnelle\" \/>\n<meta property=\"og:description\" content=\"Learn how to use Budget Express using the online help document, accessible by clicking the View online help document button. This document is the written\" \/>\n<meta property=\"og:url\" content=\"https:\/\/budget-express.com\/en\/learning-tutorials\/\" \/>\n<meta property=\"og:site_name\" content=\"Budget Express\" \/>\n<meta property=\"article:publisher\" content=\"https:\/\/www.facebook.com\/BudgetExpress\" \/>\n<meta property=\"article:modified_time\" content=\"2024-08-24T12:36:04+00:00\" \/>\n<meta property=\"og:image\" content=\"https:\/\/budget-express.com\/wp-content\/uploads\/2024\/11\/Plus-quun-simple-Budget-SEO.png\" \/>\n\t<meta property=\"og:image:width\" content=\"1200\" \/>\n\t<meta property=\"og:image:height\" content=\"675\" \/>\n\t<meta property=\"og:image:type\" content=\"image\/png\" \/>\n<meta name=\"twitter:card\" content=\"summary_large_image\" \/>\n<meta name=\"twitter:label1\" content=\"Est. reading time\" \/>\n\t<meta name=\"twitter:data1\" content=\"1 minute\" \/>\n<script type=\"application\/ld+json\" class=\"yoast-schema-graph\">{\"@context\":\"https:\/\/schema.org\",\"@graph\":[{\"@type\":\"Article\",\"@id\":\"https:\/\/budget-express.com\/en\/learning-tutorials\/#article\",\"isPartOf\":{\"@id\":\"https:\/\/budget-express.com\/en\/learning-tutorials\/\"},\"author\":{\"name\":\"Katie Lefebvre\",\"@id\":\"https:\/\/budget-express.com\/en\/#\/schema\/person\/0c9dc62ab6a850e6ec494d3a0d95748f\"},\"headline\":\"Learning Tutorials\",\"datePublished\":\"2023-11-03T19:01:06+00:00\",\"dateModified\":\"2024-08-24T12:36:04+00:00\",\"mainEntityOfPage\":{\"@id\":\"https:\/\/budget-express.com\/en\/learning-tutorials\/\"},\"wordCount\":104,\"publisher\":{\"@id\":\"https:\/\/budget-express.com\/en\/#organization\"},\"inLanguage\":\"en-US\"},{\"@type\":\"WebPage\",\"@id\":\"https:\/\/budget-express.com\/en\/learning-tutorials\/\",\"url\":\"https:\/\/budget-express.com\/en\/learning-tutorials\/\",\"name\":\"Learning Tutorials - Logiciel de finance personnelle\",\"isPartOf\":{\"@id\":\"https:\/\/budget-express.com\/en\/#website\"},\"datePublished\":\"2023-11-03T19:01:06+00:00\",\"dateModified\":\"2024-08-24T12:36:04+00:00\",\"description\":\"Learn how to use Budget Express using the online help document, accessible by clicking the View online help document button. This document is the written\",\"breadcrumb\":{\"@id\":\"https:\/\/budget-express.com\/en\/learning-tutorials\/#breadcrumb\"},\"inLanguage\":\"en-US\",\"potentialAction\":[{\"@type\":\"ReadAction\",\"target\":[\"https:\/\/budget-express.com\/en\/learning-tutorials\/\"]}]},{\"@type\":\"BreadcrumbList\",\"@id\":\"https:\/\/budget-express.com\/en\/learning-tutorials\/#breadcrumb\",\"itemListElement\":[{\"@type\":\"ListItem\",\"position\":1,\"name\":\"Home\",\"item\":\"https:\/\/budget-express.com\/en\/\"},{\"@type\":\"ListItem\",\"position\":2,\"name\":\"Learning Tutorials\"}]},{\"@type\":\"WebSite\",\"@id\":\"https:\/\/budget-express.com\/en\/#website\",\"url\":\"https:\/\/budget-express.com\/en\/\",\"name\":\"budget-express.com\",\"description\":\"Logiciel de finance personnelle\",\"publisher\":{\"@id\":\"https:\/\/budget-express.com\/en\/#organization\"},\"alternateName\":\"Budget\",\"potentialAction\":[{\"@type\":\"SearchAction\",\"target\":{\"@type\":\"EntryPoint\",\"urlTemplate\":\"https:\/\/budget-express.com\/en\/?s={search_term_string}\"},\"query-input\":{\"@type\":\"PropertyValueSpecification\",\"valueRequired\":true,\"valueName\":\"search_term_string\"}}],\"inLanguage\":\"en-US\"},{\"@type\":\"Organization\",\"@id\":\"https:\/\/budget-express.com\/en\/#organization\",\"name\":\"Budget Express\",\"alternateName\":\"Budget Express\",\"url\":\"https:\/\/budget-express.com\/en\/\",\"logo\":{\"@type\":\"ImageObject\",\"inLanguage\":\"en-US\",\"@id\":\"https:\/\/budget-express.com\/en\/#\/schema\/logo\/image\/\",\"url\":\"https:\/\/budget-express.com\/wp-content\/uploads\/2024\/11\/Logo-court-696-Yoast-e1730743815974.jpg\",\"contentUrl\":\"https:\/\/budget-express.com\/wp-content\/uploads\/2024\/11\/Logo-court-696-Yoast-e1730743815974.jpg\",\"width\":285,\"height\":375,\"caption\":\"Budget Express\"},\"image\":{\"@id\":\"https:\/\/budget-express.com\/en\/#\/schema\/logo\/image\/\"},\"sameAs\":[\"https:\/\/www.facebook.com\/BudgetExpress\",\"https:\/\/www.linkedin.com\/showcase\/budgetexpress\/?viewAsMember=true\",\"https:\/\/www.instagram.com\/logicielbudgetexpress\/\",\"https:\/\/www.linkedin.com\/in\/katie-lefebvre-53a51950\/\"],\"description\":\"Budget Express est un outil facile \u00e0 utiliser pour faire et suivre un ou plusieurs budgets. L'Acad\u00e9mie Budget Express est une plateforme \u00e9ducative, vous y trouverez des formations sur divers sujets des finances.\",\"email\":\"info@budget-express.com\",\"legalName\":\"Budget Express\",\"numberOfEmployees\":{\"@type\":\"QuantitativeValue\",\"minValue\":\"1\",\"maxValue\":\"10\"}},{\"@type\":\"Person\",\"@id\":\"https:\/\/budget-express.com\/en\/#\/schema\/person\/0c9dc62ab6a850e6ec494d3a0d95748f\",\"name\":\"Katie Lefebvre\",\"image\":{\"@type\":\"ImageObject\",\"inLanguage\":\"en-US\",\"@id\":\"https:\/\/budget-express.com\/en\/#\/schema\/person\/image\/\",\"url\":\"https:\/\/secure.gravatar.com\/avatar\/6e889acf7440fd7b12617e7869f86e3939b03f843fd419b7240b8d6856489bf3?s=96&d=mm&r=g\",\"contentUrl\":\"https:\/\/secure.gravatar.com\/avatar\/6e889acf7440fd7b12617e7869f86e3939b03f843fd419b7240b8d6856489bf3?s=96&d=mm&r=g\",\"caption\":\"Katie Lefebvre\"},\"url\":\"https:\/\/budget-express.com\/en\/author\/rejean_campeau\/\"}]}<\/script>\n<!-- \/ Yoast SEO Premium plugin. -->","yoast_head_json":{"title":"Learning Tutorials - Logiciel de finance personnelle","description":"Learn how to use Budget Express using the online help document, accessible by clicking the View online help document button. This document is the written","robots":{"index":"index","follow":"follow","max-snippet":"max-snippet:-1","max-image-preview":"max-image-preview:large","max-video-preview":"max-video-preview:-1"},"canonical":"https:\/\/budget-express.com\/en\/learning-tutorials\/","og_locale":"en_US","og_type":"article","og_title":"Learning Tutorials - Logiciel de finance personnelle","og_description":"Learn how to use Budget Express using the online help document, accessible by clicking the View online help document button. This document is the written","og_url":"https:\/\/budget-express.com\/en\/learning-tutorials\/","og_site_name":"Budget Express","article_publisher":"https:\/\/www.facebook.com\/BudgetExpress","article_modified_time":"2024-08-24T12:36:04+00:00","og_image":[{"width":1200,"height":675,"url":"https:\/\/budget-express.com\/wp-content\/uploads\/2024\/11\/Plus-quun-simple-Budget-SEO.png","type":"image\/png"}],"twitter_card":"summary_large_image","twitter_misc":{"Est. reading time":"1 minute"},"schema":{"@context":"https:\/\/schema.org","@graph":[{"@type":"Article","@id":"https:\/\/budget-express.com\/en\/learning-tutorials\/#article","isPartOf":{"@id":"https:\/\/budget-express.com\/en\/learning-tutorials\/"},"author":{"name":"Katie Lefebvre","@id":"https:\/\/budget-express.com\/en\/#\/schema\/person\/0c9dc62ab6a850e6ec494d3a0d95748f"},"headline":"Learning Tutorials","datePublished":"2023-11-03T19:01:06+00:00","dateModified":"2024-08-24T12:36:04+00:00","mainEntityOfPage":{"@id":"https:\/\/budget-express.com\/en\/learning-tutorials\/"},"wordCount":104,"publisher":{"@id":"https:\/\/budget-express.com\/en\/#organization"},"inLanguage":"en-US"},{"@type":"WebPage","@id":"https:\/\/budget-express.com\/en\/learning-tutorials\/","url":"https:\/\/budget-express.com\/en\/learning-tutorials\/","name":"Learning Tutorials - Logiciel de finance personnelle","isPartOf":{"@id":"https:\/\/budget-express.com\/en\/#website"},"datePublished":"2023-11-03T19:01:06+00:00","dateModified":"2024-08-24T12:36:04+00:00","description":"Learn how to use Budget Express using the online help document, accessible by clicking the View online help document button. This document is the written","breadcrumb":{"@id":"https:\/\/budget-express.com\/en\/learning-tutorials\/#breadcrumb"},"inLanguage":"en-US","potentialAction":[{"@type":"ReadAction","target":["https:\/\/budget-express.com\/en\/learning-tutorials\/"]}]},{"@type":"BreadcrumbList","@id":"https:\/\/budget-express.com\/en\/learning-tutorials\/#breadcrumb","itemListElement":[{"@type":"ListItem","position":1,"name":"Home","item":"https:\/\/budget-express.com\/en\/"},{"@type":"ListItem","position":2,"name":"Learning Tutorials"}]},{"@type":"WebSite","@id":"https:\/\/budget-express.com\/en\/#website","url":"https:\/\/budget-express.com\/en\/","name":"budget-express.com","description":"Logiciel de finance personnelle","publisher":{"@id":"https:\/\/budget-express.com\/en\/#organization"},"alternateName":"Budget","potentialAction":[{"@type":"SearchAction","target":{"@type":"EntryPoint","urlTemplate":"https:\/\/budget-express.com\/en\/?s={search_term_string}"},"query-input":{"@type":"PropertyValueSpecification","valueRequired":true,"valueName":"search_term_string"}}],"inLanguage":"en-US"},{"@type":"Organization","@id":"https:\/\/budget-express.com\/en\/#organization","name":"Budget Express","alternateName":"Budget Express","url":"https:\/\/budget-express.com\/en\/","logo":{"@type":"ImageObject","inLanguage":"en-US","@id":"https:\/\/budget-express.com\/en\/#\/schema\/logo\/image\/","url":"https:\/\/budget-express.com\/wp-content\/uploads\/2024\/11\/Logo-court-696-Yoast-e1730743815974.jpg","contentUrl":"https:\/\/budget-express.com\/wp-content\/uploads\/2024\/11\/Logo-court-696-Yoast-e1730743815974.jpg","width":285,"height":375,"caption":"Budget Express"},"image":{"@id":"https:\/\/budget-express.com\/en\/#\/schema\/logo\/image\/"},"sameAs":["https:\/\/www.facebook.com\/BudgetExpress","https:\/\/www.linkedin.com\/showcase\/budgetexpress\/?viewAsMember=true","https:\/\/www.instagram.com\/logicielbudgetexpress\/","https:\/\/www.linkedin.com\/in\/katie-lefebvre-53a51950\/"],"description":"Budget Express est un outil facile \u00e0 utiliser pour faire et suivre un ou plusieurs budgets. L'Acad\u00e9mie Budget Express est une plateforme \u00e9ducative, vous y trouverez des formations sur divers sujets des finances.","email":"info@budget-express.com","legalName":"Budget Express","numberOfEmployees":{"@type":"QuantitativeValue","minValue":"1","maxValue":"10"}},{"@type":"Person","@id":"https:\/\/budget-express.com\/en\/#\/schema\/person\/0c9dc62ab6a850e6ec494d3a0d95748f","name":"Katie Lefebvre","image":{"@type":"ImageObject","inLanguage":"en-US","@id":"https:\/\/budget-express.com\/en\/#\/schema\/person\/image\/","url":"https:\/\/secure.gravatar.com\/avatar\/6e889acf7440fd7b12617e7869f86e3939b03f843fd419b7240b8d6856489bf3?s=96&d=mm&r=g","contentUrl":"https:\/\/secure.gravatar.com\/avatar\/6e889acf7440fd7b12617e7869f86e3939b03f843fd419b7240b8d6856489bf3?s=96&d=mm&r=g","caption":"Katie Lefebvre"},"url":"https:\/\/budget-express.com\/en\/author\/rejean_campeau\/"}]}},"_links":{"self":[{"href":"https:\/\/budget-express.com\/en\/wp-json\/wp\/v2\/pages\/20401","targetHints":{"allow":["GET"]}}],"collection":[{"href":"https:\/\/budget-express.com\/en\/wp-json\/wp\/v2\/pages"}],"about":[{"href":"https:\/\/budget-express.com\/en\/wp-json\/wp\/v2\/types\/page"}],"author":[{"embeddable":true,"href":"https:\/\/budget-express.com\/en\/wp-json\/wp\/v2\/users\/2"}],"replies":[{"embeddable":true,"href":"https:\/\/budget-express.com\/en\/wp-json\/wp\/v2\/comments?post=20401"}],"version-history":[{"count":15,"href":"https:\/\/budget-express.com\/en\/wp-json\/wp\/v2\/pages\/20401\/revisions"}],"predecessor-version":[{"id":21572,"href":"https:\/\/budget-express.com\/en\/wp-json\/wp\/v2\/pages\/20401\/revisions\/21572"}],"wp:attachment":[{"href":"https:\/\/budget-express.com\/en\/wp-json\/wp\/v2\/media?parent=20401"}],"curies":[{"name":"wp","href":"https:\/\/api.w.org\/{rel}","templated":true}]}}