{"id":698,"date":"2017-12-04T19:28:55","date_gmt":"2017-12-04T19:28:55","guid":{"rendered":"http:\/\/budget.firmecreative.com\/telecharger\/"},"modified":"2024-01-10T17:07:11","modified_gmt":"2024-01-10T22:07:11","slug":"download-application","status":"publish","type":"page","link":"https:\/\/budget-express.com\/en\/download-application\/","title":{"rendered":"download application"},"content":{"rendered":"<h2 class=\"p1\"><span class=\"s1\">Thanks for choosing Budget Express<\/span><\/h2>\n<p class=\"p1\"><span class=\"s1\">Click on the link to download the software.<\/span><\/p>\n","protected":false},"excerpt":{"rendered":"<p>Thanks for choosing Budget Express Click on the link to download the software.<\/p>\n","protected":false},"author":1,"featured_media":0,"parent":0,"menu_order":0,"comment_status":"closed","ping_status":"closed","template":"page-download.php","meta":{"_acf_changed":false,"footnotes":""},"class_list":["post-698","page","type-page","status-publish","hentry"],"acf":[],"yoast_head":"<!-- This site is optimized with the Yoast SEO Premium plugin v24.9 (Yoast SEO v24.9) - https:\/\/yoast.com\/wordpress\/plugins\/seo\/ -->\n<title>download application - Logiciel de finance personnelle<\/title>\n<meta name=\"description\" content=\"Thanks for choosing Budget Express Click on the link to download the software.\" \/>\n<meta name=\"robots\" content=\"noindex, nofollow\" \/>\n<meta property=\"og:locale\" content=\"en_US\" \/>\n<meta property=\"og:type\" content=\"article\" \/>\n<meta property=\"og:title\" content=\"download application - Logiciel de finance personnelle\" \/>\n<meta property=\"og:description\" content=\"Thanks for choosing Budget Express Click on the link to download the software.\" \/>\n<meta property=\"og:url\" content=\"https:\/\/budget-express.com\/en\/download-application\/\" \/>\n<meta property=\"og:site_name\" content=\"Budget Express\" \/>\n<meta property=\"article:publisher\" content=\"https:\/\/www.facebook.com\/BudgetExpress\" \/>\n<meta property=\"article:modified_time\" content=\"2024-01-10T22:07:11+00:00\" \/>\n<meta property=\"og:image\" content=\"https:\/\/budget-express.com\/wp-content\/uploads\/2024\/11\/Plus-quun-simple-Budget-SEO.png\" \/>\n\t<meta property=\"og:image:width\" content=\"1200\" \/>\n\t<meta property=\"og:image:height\" content=\"675\" \/>\n\t<meta property=\"og:image:type\" content=\"image\/png\" \/>\n<meta name=\"twitter:card\" content=\"summary_large_image\" \/>\n<meta name=\"twitter:label1\" content=\"Est. reading time\" \/>\n\t<meta name=\"twitter:data1\" content=\"1 minute\" \/>\n<script type=\"application\/ld+json\" class=\"yoast-schema-graph\">{\"@context\":\"https:\/\/schema.org\",\"@graph\":[{\"@type\":\"Article\",\"@id\":\"https:\/\/budget-express.com\/en\/download-application\/#article\",\"isPartOf\":{\"@id\":\"https:\/\/budget-express.com\/en\/download-application\/\"},\"author\":{\"name\":\"admin_budget\",\"@id\":\"https:\/\/budget-express.com\/en\/#\/schema\/person\/f7e75e1963bfb08a89adafb6ed05da4b\"},\"headline\":\"download application\",\"datePublished\":\"2017-12-04T19:28:55+00:00\",\"dateModified\":\"2024-01-10T22:07:11+00:00\",\"mainEntityOfPage\":{\"@id\":\"https:\/\/budget-express.com\/en\/download-application\/\"},\"wordCount\":15,\"publisher\":{\"@id\":\"https:\/\/budget-express.com\/en\/#organization\"},\"inLanguage\":\"en-US\"},{\"@type\":\"WebPage\",\"@id\":\"https:\/\/budget-express.com\/en\/download-application\/\",\"url\":\"https:\/\/budget-express.com\/en\/download-application\/\",\"name\":\"download application - Logiciel de finance personnelle\",\"isPartOf\":{\"@id\":\"https:\/\/budget-express.com\/en\/#website\"},\"datePublished\":\"2017-12-04T19:28:55+00:00\",\"dateModified\":\"2024-01-10T22:07:11+00:00\",\"description\":\"Thanks for choosing Budget Express Click on the link to download the software.\",\"breadcrumb\":{\"@id\":\"https:\/\/budget-express.com\/en\/download-application\/#breadcrumb\"},\"inLanguage\":\"en-US\",\"potentialAction\":[{\"@type\":\"ReadAction\",\"target\":[\"https:\/\/budget-express.com\/en\/download-application\/\"]}]},{\"@type\":\"BreadcrumbList\",\"@id\":\"https:\/\/budget-express.com\/en\/download-application\/#breadcrumb\",\"itemListElement\":[{\"@type\":\"ListItem\",\"position\":1,\"name\":\"Home\",\"item\":\"https:\/\/budget-express.com\/en\/\"},{\"@type\":\"ListItem\",\"position\":2,\"name\":\"download application\"}]},{\"@type\":\"WebSite\",\"@id\":\"https:\/\/budget-express.com\/en\/#website\",\"url\":\"https:\/\/budget-express.com\/en\/\",\"name\":\"budget-express.com\",\"description\":\"Logiciel de finance personnelle\",\"publisher\":{\"@id\":\"https:\/\/budget-express.com\/en\/#organization\"},\"alternateName\":\"Budget\",\"potentialAction\":[{\"@type\":\"SearchAction\",\"target\":{\"@type\":\"EntryPoint\",\"urlTemplate\":\"https:\/\/budget-express.com\/en\/?s={search_term_string}\"},\"query-input\":{\"@type\":\"PropertyValueSpecification\",\"valueRequired\":true,\"valueName\":\"search_term_string\"}}],\"inLanguage\":\"en-US\"},{\"@type\":\"Organization\",\"@id\":\"https:\/\/budget-express.com\/en\/#organization\",\"name\":\"Budget Express\",\"alternateName\":\"Budget Express\",\"url\":\"https:\/\/budget-express.com\/en\/\",\"logo\":{\"@type\":\"ImageObject\",\"inLanguage\":\"en-US\",\"@id\":\"https:\/\/budget-express.com\/en\/#\/schema\/logo\/image\/\",\"url\":\"https:\/\/budget-express.com\/wp-content\/uploads\/2024\/11\/Logo-court-696-Yoast-e1730743815974.jpg\",\"contentUrl\":\"https:\/\/budget-express.com\/wp-content\/uploads\/2024\/11\/Logo-court-696-Yoast-e1730743815974.jpg\",\"width\":285,\"height\":375,\"caption\":\"Budget Express\"},\"image\":{\"@id\":\"https:\/\/budget-express.com\/en\/#\/schema\/logo\/image\/\"},\"sameAs\":[\"https:\/\/www.facebook.com\/BudgetExpress\",\"https:\/\/www.linkedin.com\/showcase\/budgetexpress\/?viewAsMember=true\",\"https:\/\/www.instagram.com\/logicielbudgetexpress\/\",\"https:\/\/www.linkedin.com\/in\/katie-lefebvre-53a51950\/\"],\"description\":\"Budget Express est un outil facile \u00e0 utiliser pour faire et suivre un ou plusieurs budgets. L'Acad\u00e9mie Budget Express est une plateforme \u00e9ducative, vous y trouverez des formations sur divers sujets des finances.\",\"email\":\"info@budget-express.com\",\"legalName\":\"Budget Express\",\"numberOfEmployees\":{\"@type\":\"QuantitativeValue\",\"minValue\":\"1\",\"maxValue\":\"10\"}},{\"@type\":\"Person\",\"@id\":\"https:\/\/budget-express.com\/en\/#\/schema\/person\/f7e75e1963bfb08a89adafb6ed05da4b\",\"name\":\"admin_budget\",\"image\":{\"@type\":\"ImageObject\",\"inLanguage\":\"en-US\",\"@id\":\"https:\/\/budget-express.com\/en\/#\/schema\/person\/image\/\",\"url\":\"https:\/\/secure.gravatar.com\/avatar\/73df5ebb7e00b15bbe12ee044bfb59386601be0bbe3c7f4b69e1f1e161dc0c3d?s=96&d=mm&r=g\",\"contentUrl\":\"https:\/\/secure.gravatar.com\/avatar\/73df5ebb7e00b15bbe12ee044bfb59386601be0bbe3c7f4b69e1f1e161dc0c3d?s=96&d=mm&r=g\",\"caption\":\"admin_budget\"},\"url\":\"https:\/\/budget-express.com\/en\/author\/admin_budget\/\"}]}<\/script>\n<!-- \/ Yoast SEO Premium plugin. -->","yoast_head_json":{"title":"download application - Logiciel de finance personnelle","description":"Thanks for choosing Budget Express Click on the link to download the software.","robots":{"index":"noindex","follow":"nofollow"},"og_locale":"en_US","og_type":"article","og_title":"download application - Logiciel de finance personnelle","og_description":"Thanks for choosing Budget Express Click on the link to download the software.","og_url":"https:\/\/budget-express.com\/en\/download-application\/","og_site_name":"Budget Express","article_publisher":"https:\/\/www.facebook.com\/BudgetExpress","article_modified_time":"2024-01-10T22:07:11+00:00","og_image":[{"width":1200,"height":675,"url":"https:\/\/budget-express.com\/wp-content\/uploads\/2024\/11\/Plus-quun-simple-Budget-SEO.png","type":"image\/png"}],"twitter_card":"summary_large_image","twitter_misc":{"Est. reading time":"1 minute"},"schema":{"@context":"https:\/\/schema.org","@graph":[{"@type":"Article","@id":"https:\/\/budget-express.com\/en\/download-application\/#article","isPartOf":{"@id":"https:\/\/budget-express.com\/en\/download-application\/"},"author":{"name":"admin_budget","@id":"https:\/\/budget-express.com\/en\/#\/schema\/person\/f7e75e1963bfb08a89adafb6ed05da4b"},"headline":"download application","datePublished":"2017-12-04T19:28:55+00:00","dateModified":"2024-01-10T22:07:11+00:00","mainEntityOfPage":{"@id":"https:\/\/budget-express.com\/en\/download-application\/"},"wordCount":15,"publisher":{"@id":"https:\/\/budget-express.com\/en\/#organization"},"inLanguage":"en-US"},{"@type":"WebPage","@id":"https:\/\/budget-express.com\/en\/download-application\/","url":"https:\/\/budget-express.com\/en\/download-application\/","name":"download application - Logiciel de finance personnelle","isPartOf":{"@id":"https:\/\/budget-express.com\/en\/#website"},"datePublished":"2017-12-04T19:28:55+00:00","dateModified":"2024-01-10T22:07:11+00:00","description":"Thanks for choosing Budget Express Click on the link to download the software.","breadcrumb":{"@id":"https:\/\/budget-express.com\/en\/download-application\/#breadcrumb"},"inLanguage":"en-US","potentialAction":[{"@type":"ReadAction","target":["https:\/\/budget-express.com\/en\/download-application\/"]}]},{"@type":"BreadcrumbList","@id":"https:\/\/budget-express.com\/en\/download-application\/#breadcrumb","itemListElement":[{"@type":"ListItem","position":1,"name":"Home","item":"https:\/\/budget-express.com\/en\/"},{"@type":"ListItem","position":2,"name":"download application"}]},{"@type":"WebSite","@id":"https:\/\/budget-express.com\/en\/#website","url":"https:\/\/budget-express.com\/en\/","name":"budget-express.com","description":"Logiciel de finance personnelle","publisher":{"@id":"https:\/\/budget-express.com\/en\/#organization"},"alternateName":"Budget","potentialAction":[{"@type":"SearchAction","target":{"@type":"EntryPoint","urlTemplate":"https:\/\/budget-express.com\/en\/?s={search_term_string}"},"query-input":{"@type":"PropertyValueSpecification","valueRequired":true,"valueName":"search_term_string"}}],"inLanguage":"en-US"},{"@type":"Organization","@id":"https:\/\/budget-express.com\/en\/#organization","name":"Budget Express","alternateName":"Budget Express","url":"https:\/\/budget-express.com\/en\/","logo":{"@type":"ImageObject","inLanguage":"en-US","@id":"https:\/\/budget-express.com\/en\/#\/schema\/logo\/image\/","url":"https:\/\/budget-express.com\/wp-content\/uploads\/2024\/11\/Logo-court-696-Yoast-e1730743815974.jpg","contentUrl":"https:\/\/budget-express.com\/wp-content\/uploads\/2024\/11\/Logo-court-696-Yoast-e1730743815974.jpg","width":285,"height":375,"caption":"Budget Express"},"image":{"@id":"https:\/\/budget-express.com\/en\/#\/schema\/logo\/image\/"},"sameAs":["https:\/\/www.facebook.com\/BudgetExpress","https:\/\/www.linkedin.com\/showcase\/budgetexpress\/?viewAsMember=true","https:\/\/www.instagram.com\/logicielbudgetexpress\/","https:\/\/www.linkedin.com\/in\/katie-lefebvre-53a51950\/"],"description":"Budget Express est un outil facile \u00e0 utiliser pour faire et suivre un ou plusieurs budgets. L'Acad\u00e9mie Budget Express est une plateforme \u00e9ducative, vous y trouverez des formations sur divers sujets des finances.","email":"info@budget-express.com","legalName":"Budget Express","numberOfEmployees":{"@type":"QuantitativeValue","minValue":"1","maxValue":"10"}},{"@type":"Person","@id":"https:\/\/budget-express.com\/en\/#\/schema\/person\/f7e75e1963bfb08a89adafb6ed05da4b","name":"admin_budget","image":{"@type":"ImageObject","inLanguage":"en-US","@id":"https:\/\/budget-express.com\/en\/#\/schema\/person\/image\/","url":"https:\/\/secure.gravatar.com\/avatar\/73df5ebb7e00b15bbe12ee044bfb59386601be0bbe3c7f4b69e1f1e161dc0c3d?s=96&d=mm&r=g","contentUrl":"https:\/\/secure.gravatar.com\/avatar\/73df5ebb7e00b15bbe12ee044bfb59386601be0bbe3c7f4b69e1f1e161dc0c3d?s=96&d=mm&r=g","caption":"admin_budget"},"url":"https:\/\/budget-express.com\/en\/author\/admin_budget\/"}]}},"_links":{"self":[{"href":"https:\/\/budget-express.com\/en\/wp-json\/wp\/v2\/pages\/698","targetHints":{"allow":["GET"]}}],"collection":[{"href":"https:\/\/budget-express.com\/en\/wp-json\/wp\/v2\/pages"}],"about":[{"href":"https:\/\/budget-express.com\/en\/wp-json\/wp\/v2\/types\/page"}],"author":[{"embeddable":true,"href":"https:\/\/budget-express.com\/en\/wp-json\/wp\/v2\/users\/1"}],"replies":[{"embeddable":true,"href":"https:\/\/budget-express.com\/en\/wp-json\/wp\/v2\/comments?post=698"}],"version-history":[{"count":1,"href":"https:\/\/budget-express.com\/en\/wp-json\/wp\/v2\/pages\/698\/revisions"}],"predecessor-version":[{"id":699,"href":"https:\/\/budget-express.com\/en\/wp-json\/wp\/v2\/pages\/698\/revisions\/699"}],"wp:attachment":[{"href":"https:\/\/budget-express.com\/en\/wp-json\/wp\/v2\/media?parent=698"}],"curies":[{"name":"wp","href":"https:\/\/api.w.org\/{rel}","templated":true}]}}